{"id":11,"date":"2020-09-14T22:02:19","date_gmt":"2020-09-14T19:02:19","guid":{"rendered":"https:\/\/capoglu.com\/?page_id=11"},"modified":"2020-10-06T23:06:08","modified_gmt":"2020-10-06T20:06:08","slug":"tarihce","status":"publish","type":"page","link":"https:\/\/capoglu.com\/en\/kurumsal\/tarihce\/","title":{"rendered":"History"},"content":{"rendered":"<p>Our family company, \u00c7apo\u011flu Group, of which Ahmet \u00c7apo\u011flu boldly laid the foundations, carries our success story to future generations with its well-educated second generation \u00c7apo\u011flu members.<\/p>","protected":false},"excerpt":{"rendered":"<p>Our family company, \u00c7apo\u011flu Group, of which Ahmet \u00c7apo\u011flu boldly laid the foundations, carries our success story to future generations with its well-educated second generation \u00c7apo\u011flu members.<\/p>\n","protected":false},"author":2,"featured_media":640,"parent":9,"menu_order":1,"comment_status":"closed","ping_status":"closed","template":"page-history.php","meta":[],"yoast_head":"<!-- This site is optimized with the Yoast SEO plugin v15.0 - https:\/\/yoast.com\/wordpress\/plugins\/seo\/ -->\n<title>History | \u00c7apo\u011flu \u015eirketler Grubu<\/title>\n<meta name=\"robots\" content=\"index, follow, max-snippet:-1, max-image-preview:large, max-video-preview:-1\" \/>\n<link rel=\"canonical\" href=\"https:\/\/capoglu.com\/kurumsal\/tarihce\/\" \/>\n<meta property=\"og:locale\" content=\"en_US\" \/>\n<meta property=\"og:type\" content=\"article\" \/>\n<meta property=\"og:title\" content=\"[:tr]Tarih\u00e7e[:en]History[:] | \u00c7apo\u011flu \u015eirketler Grubu\" \/>\n<meta property=\"og:description\" content=\"Our family company, \u00c7apo\u011flu Group, of which Ahmet \u00c7apo\u011flu boldly laid the foundations, carries our success story to future generations with its well-educated second generation \u00c7apo\u011flu members.\" \/>\n<meta property=\"og:url\" content=\"https:\/\/capoglu.com\/kurumsal\/tarihce\/\" \/>\n<meta property=\"og:site_name\" content=\"\u00c7apo\u011flu \u015eirketler Grubu\" \/>\n<meta property=\"article:modified_time\" content=\"2020-10-06T20:06:08+00:00\" \/>\n<meta property=\"og:image\" content=\"https:\/\/capoglu.com\/wp-content\/uploads\/2020\/09\/capoglu-sirketler-grubu-tarihce.jpg\" \/>\n\t<meta property=\"og:image:width\" content=\"593\" \/>\n\t<meta property=\"og:image:height\" content=\"702\" \/>\n<meta name=\"twitter:card\" content=\"summary_large_image\" \/>\n<script type=\"application\/ld+json\" class=\"yoast-schema-graph\">{\"@context\":\"https:\/\/schema.org\",\"@graph\":[{\"@type\":\"Organization\",\"@id\":\"https:\/\/capoglu.com\/en\/#organization\",\"name\":\"\\u00c7apo\\u011flu \\u015eirketler Grubu\",\"url\":\"https:\/\/capoglu.com\/en\/\",\"sameAs\":[],\"logo\":{\"@type\":\"ImageObject\",\"@id\":\"https:\/\/capoglu.com\/en\/#logo\",\"inLanguage\":\"en-US\",\"url\":\"https:\/\/capoglu.com\/wp-content\/uploads\/2020\/09\/cap-logo.png\",\"width\":88,\"height\":66,\"caption\":\"\\u00c7apo\\u011flu \\u015eirketler Grubu\"},\"image\":{\"@id\":\"https:\/\/capoglu.com\/en\/#logo\"}},{\"@type\":\"WebSite\",\"@id\":\"https:\/\/capoglu.com\/en\/#website\",\"url\":\"https:\/\/capoglu.com\/en\/\",\"name\":\"\\u00c7apo\\u011flu \\u015eirketler Grubu\",\"description\":\"45 years of experience, 4 area, 3 companies\",\"publisher\":{\"@id\":\"https:\/\/capoglu.com\/en\/#organization\"},\"potentialAction\":[{\"@type\":\"SearchAction\",\"target\":\"https:\/\/capoglu.com\/en\/?s={search_term_string}\",\"query-input\":\"required name=search_term_string\"}],\"inLanguage\":\"en-US\"},{\"@type\":\"ImageObject\",\"@id\":\"https:\/\/capoglu.com\/kurumsal\/tarihce\/#primaryimage\",\"inLanguage\":\"en-US\",\"url\":\"https:\/\/capoglu.com\/wp-content\/uploads\/2020\/09\/capoglu-sirketler-grubu-tarihce.jpg\",\"width\":593,\"height\":702},{\"@type\":\"WebPage\",\"@id\":\"https:\/\/capoglu.com\/kurumsal\/tarihce\/#webpage\",\"url\":\"https:\/\/capoglu.com\/kurumsal\/tarihce\/\",\"name\":\"[:tr]Tarih\\u00e7e[:en]History[:] | \\u00c7apo\\u011flu \\u015eirketler Grubu\",\"isPartOf\":{\"@id\":\"https:\/\/capoglu.com\/en\/#website\"},\"primaryImageOfPage\":{\"@id\":\"https:\/\/capoglu.com\/kurumsal\/tarihce\/#primaryimage\"},\"datePublished\":\"2020-09-14T19:02:19+00:00\",\"dateModified\":\"2020-10-06T20:06:08+00:00\",\"inLanguage\":\"en-US\",\"potentialAction\":[{\"@type\":\"ReadAction\",\"target\":[\"https:\/\/capoglu.com\/kurumsal\/tarihce\/\"]}]}]}<\/script>\n<!-- \/ Yoast SEO plugin. -->","_links":{"self":[{"href":"https:\/\/capoglu.com\/en\/wp-json\/wp\/v2\/pages\/11"}],"collection":[{"href":"https:\/\/capoglu.com\/en\/wp-json\/wp\/v2\/pages"}],"about":[{"href":"https:\/\/capoglu.com\/en\/wp-json\/wp\/v2\/types\/page"}],"author":[{"embeddable":true,"href":"https:\/\/capoglu.com\/en\/wp-json\/wp\/v2\/users\/2"}],"replies":[{"embeddable":true,"href":"https:\/\/capoglu.com\/en\/wp-json\/wp\/v2\/comments?post=11"}],"version-history":[{"count":11,"href":"https:\/\/capoglu.com\/en\/wp-json\/wp\/v2\/pages\/11\/revisions"}],"predecessor-version":[{"id":666,"href":"https:\/\/capoglu.com\/en\/wp-json\/wp\/v2\/pages\/11\/revisions\/666"}],"up":[{"embeddable":true,"href":"https:\/\/capoglu.com\/en\/wp-json\/wp\/v2\/pages\/9"}],"wp:featuredmedia":[{"embeddable":true,"href":"https:\/\/capoglu.com\/en\/wp-json\/wp\/v2\/media\/640"}],"wp:attachment":[{"href":"https:\/\/capoglu.com\/en\/wp-json\/wp\/v2\/media?parent=11"}],"curies":[{"name":"wp","href":"https:\/\/api.w.org\/{rel}","templated":true}]}}