{"id":15,"date":"2020-09-14T22:02:43","date_gmt":"2020-09-14T19:02:43","guid":{"rendered":"https:\/\/capoglu.com\/?page_id=15"},"modified":"2026-01-17T14:19:16","modified_gmt":"2026-01-17T11:19:16","slug":"baskanin-mesaji","status":"publish","type":"page","link":"https:\/\/capoglu.com\/en\/kurumsal\/baskanin-mesaji\/","title":{"rendered":"The President&#8217;s Message"},"content":{"rendered":"","protected":false},"excerpt":{"rendered":"","protected":false},"author":2,"featured_media":158,"parent":9,"menu_order":3,"comment_status":"closed","ping_status":"closed","template":"page-ceo.php","meta":[],"yoast_head":"<!-- This site is optimized with the Yoast SEO plugin v15.0 - https:\/\/yoast.com\/wordpress\/plugins\/seo\/ -->\n<title>The President&#039;s Message | \u00c7apo\u011flu \u015eirketler Grubu<\/title>\n<meta name=\"robots\" content=\"index, follow, max-snippet:-1, max-image-preview:large, max-video-preview:-1\" \/>\n<link rel=\"canonical\" href=\"https:\/\/capoglu.com\/kurumsal\/baskanin-mesaji\/\" \/>\n<meta property=\"og:locale\" content=\"en_US\" \/>\n<meta property=\"og:type\" content=\"article\" \/>\n<meta property=\"og:title\" content=\"[:tr]Ba\u015fkan\u0131n Mesaj\u0131[:en]The President&#039;s Message[:] | \u00c7apo\u011flu \u015eirketler Grubu\" \/>\n<meta property=\"og:url\" content=\"https:\/\/capoglu.com\/kurumsal\/baskanin-mesaji\/\" \/>\n<meta property=\"og:site_name\" content=\"\u00c7apo\u011flu \u015eirketler Grubu\" \/>\n<meta property=\"article:modified_time\" content=\"2026-01-17T11:19:16+00:00\" \/>\n<meta property=\"og:image\" content=\"https:\/\/capoglu.com\/wp-content\/uploads\/2020\/09\/baskan.png\" \/>\n\t<meta property=\"og:image:width\" content=\"477\" \/>\n\t<meta property=\"og:image:height\" content=\"669\" \/>\n<meta name=\"twitter:card\" content=\"summary_large_image\" \/>\n<script type=\"application\/ld+json\" class=\"yoast-schema-graph\">{\"@context\":\"https:\/\/schema.org\",\"@graph\":[{\"@type\":\"Organization\",\"@id\":\"https:\/\/capoglu.com\/en\/#organization\",\"name\":\"\\u00c7apo\\u011flu \\u015eirketler Grubu\",\"url\":\"https:\/\/capoglu.com\/en\/\",\"sameAs\":[],\"logo\":{\"@type\":\"ImageObject\",\"@id\":\"https:\/\/capoglu.com\/en\/#logo\",\"inLanguage\":\"en-US\",\"url\":\"https:\/\/capoglu.com\/wp-content\/uploads\/2020\/09\/cap-logo.png\",\"width\":88,\"height\":66,\"caption\":\"\\u00c7apo\\u011flu \\u015eirketler Grubu\"},\"image\":{\"@id\":\"https:\/\/capoglu.com\/en\/#logo\"}},{\"@type\":\"WebSite\",\"@id\":\"https:\/\/capoglu.com\/en\/#website\",\"url\":\"https:\/\/capoglu.com\/en\/\",\"name\":\"\\u00c7apo\\u011flu \\u015eirketler Grubu\",\"description\":\"45 years of experience, 4 area, 3 companies\",\"publisher\":{\"@id\":\"https:\/\/capoglu.com\/en\/#organization\"},\"potentialAction\":[{\"@type\":\"SearchAction\",\"target\":\"https:\/\/capoglu.com\/en\/?s={search_term_string}\",\"query-input\":\"required name=search_term_string\"}],\"inLanguage\":\"en-US\"},{\"@type\":\"ImageObject\",\"@id\":\"https:\/\/capoglu.com\/kurumsal\/baskanin-mesaji\/#primaryimage\",\"inLanguage\":\"en-US\",\"url\":\"https:\/\/capoglu.com\/wp-content\/uploads\/2020\/09\/baskan.png\",\"width\":477,\"height\":669},{\"@type\":\"WebPage\",\"@id\":\"https:\/\/capoglu.com\/kurumsal\/baskanin-mesaji\/#webpage\",\"url\":\"https:\/\/capoglu.com\/kurumsal\/baskanin-mesaji\/\",\"name\":\"[:tr]Ba\\u015fkan\\u0131n Mesaj\\u0131[:en]The President's Message[:] | \\u00c7apo\\u011flu \\u015eirketler Grubu\",\"isPartOf\":{\"@id\":\"https:\/\/capoglu.com\/en\/#website\"},\"primaryImageOfPage\":{\"@id\":\"https:\/\/capoglu.com\/kurumsal\/baskanin-mesaji\/#primaryimage\"},\"datePublished\":\"2020-09-14T19:02:43+00:00\",\"dateModified\":\"2026-01-17T11:19:16+00:00\",\"inLanguage\":\"en-US\",\"potentialAction\":[{\"@type\":\"ReadAction\",\"target\":[\"https:\/\/capoglu.com\/kurumsal\/baskanin-mesaji\/\"]}]}]}<\/script>\n<!-- \/ Yoast SEO plugin. -->","_links":{"self":[{"href":"https:\/\/capoglu.com\/en\/wp-json\/wp\/v2\/pages\/15"}],"collection":[{"href":"https:\/\/capoglu.com\/en\/wp-json\/wp\/v2\/pages"}],"about":[{"href":"https:\/\/capoglu.com\/en\/wp-json\/wp\/v2\/types\/page"}],"author":[{"embeddable":true,"href":"https:\/\/capoglu.com\/en\/wp-json\/wp\/v2\/users\/2"}],"replies":[{"embeddable":true,"href":"https:\/\/capoglu.com\/en\/wp-json\/wp\/v2\/comments?post=15"}],"version-history":[{"count":20,"href":"https:\/\/capoglu.com\/en\/wp-json\/wp\/v2\/pages\/15\/revisions"}],"predecessor-version":[{"id":773,"href":"https:\/\/capoglu.com\/en\/wp-json\/wp\/v2\/pages\/15\/revisions\/773"}],"up":[{"embeddable":true,"href":"https:\/\/capoglu.com\/en\/wp-json\/wp\/v2\/pages\/9"}],"wp:featuredmedia":[{"embeddable":true,"href":"https:\/\/capoglu.com\/en\/wp-json\/wp\/v2\/media\/158"}],"wp:attachment":[{"href":"https:\/\/capoglu.com\/en\/wp-json\/wp\/v2\/media?parent=15"}],"curies":[{"name":"wp","href":"https:\/\/api.w.org\/{rel}","templated":true}]}}