{"id":31,"date":"2020-09-14T22:08:35","date_gmt":"2020-09-14T19:08:35","guid":{"rendered":"https:\/\/capoglu.com\/?page_id=31"},"modified":"2020-10-06T22:57:56","modified_gmt":"2020-10-06T19:57:56","slug":"kariyer","status":"publish","type":"page","link":"https:\/\/capoglu.com\/en\/kariyer\/","title":{"rendered":"Career"},"content":{"rendered":"<p>It is our priority for our employees to be flexible, transparent, have a multifaceted perspective, have internalized corporate culture and ethics, and be able to adapt easily to innovations.<\/p>","protected":false},"excerpt":{"rendered":"<p>It is our priority for our employees to be flexible, transparent, have a multifaceted perspective, have internalized corporate culture and ethics, and be able to adapt easily to innovations.<\/p>\n","protected":false},"author":2,"featured_media":448,"parent":0,"menu_order":0,"comment_status":"closed","ping_status":"closed","template":"page-humanresources.php","meta":[],"yoast_head":"<!-- This site is optimized with the Yoast SEO plugin v15.0 - https:\/\/yoast.com\/wordpress\/plugins\/seo\/ -->\n<title>Career | \u00c7apo\u011flu \u015eirketler Grubu<\/title>\n<meta name=\"robots\" content=\"index, follow, max-snippet:-1, max-image-preview:large, max-video-preview:-1\" \/>\n<link rel=\"canonical\" href=\"https:\/\/capoglu.com\/kariyer\/\" \/>\n<meta property=\"og:locale\" content=\"en_US\" \/>\n<meta property=\"og:type\" content=\"article\" \/>\n<meta property=\"og:title\" content=\"[:tr]Kariyer[:en]Career[:] | \u00c7apo\u011flu \u015eirketler Grubu\" \/>\n<meta property=\"og:description\" content=\"It is our priority for our employees to be flexible, transparent, have a multifaceted perspective, have internalized corporate culture and ethics, and be able to adapt easily to innovations.\" \/>\n<meta property=\"og:url\" content=\"https:\/\/capoglu.com\/kariyer\/\" \/>\n<meta property=\"og:site_name\" content=\"\u00c7apo\u011flu \u015eirketler Grubu\" \/>\n<meta property=\"article:modified_time\" content=\"2020-10-06T19:57:56+00:00\" \/>\n<meta property=\"og:image\" content=\"https:\/\/capoglu.com\/wp-content\/uploads\/2020\/09\/kariyer-intro.jpg\" \/>\n\t<meta property=\"og:image:width\" content=\"912\" \/>\n\t<meta property=\"og:image:height\" content=\"710\" \/>\n<meta name=\"twitter:card\" content=\"summary_large_image\" \/>\n<script type=\"application\/ld+json\" class=\"yoast-schema-graph\">{\"@context\":\"https:\/\/schema.org\",\"@graph\":[{\"@type\":\"Organization\",\"@id\":\"https:\/\/capoglu.com\/en\/#organization\",\"name\":\"\\u00c7apo\\u011flu \\u015eirketler Grubu\",\"url\":\"https:\/\/capoglu.com\/en\/\",\"sameAs\":[],\"logo\":{\"@type\":\"ImageObject\",\"@id\":\"https:\/\/capoglu.com\/en\/#logo\",\"inLanguage\":\"en-US\",\"url\":\"https:\/\/capoglu.com\/wp-content\/uploads\/2020\/09\/cap-logo.png\",\"width\":88,\"height\":66,\"caption\":\"\\u00c7apo\\u011flu \\u015eirketler Grubu\"},\"image\":{\"@id\":\"https:\/\/capoglu.com\/en\/#logo\"}},{\"@type\":\"WebSite\",\"@id\":\"https:\/\/capoglu.com\/en\/#website\",\"url\":\"https:\/\/capoglu.com\/en\/\",\"name\":\"\\u00c7apo\\u011flu \\u015eirketler Grubu\",\"description\":\"45 years of experience, 4 area, 3 companies\",\"publisher\":{\"@id\":\"https:\/\/capoglu.com\/en\/#organization\"},\"potentialAction\":[{\"@type\":\"SearchAction\",\"target\":\"https:\/\/capoglu.com\/en\/?s={search_term_string}\",\"query-input\":\"required name=search_term_string\"}],\"inLanguage\":\"en-US\"},{\"@type\":\"ImageObject\",\"@id\":\"https:\/\/capoglu.com\/kariyer\/#primaryimage\",\"inLanguage\":\"en-US\",\"url\":\"https:\/\/capoglu.com\/wp-content\/uploads\/2020\/09\/kariyer-intro.jpg\",\"width\":912,\"height\":710},{\"@type\":\"WebPage\",\"@id\":\"https:\/\/capoglu.com\/kariyer\/#webpage\",\"url\":\"https:\/\/capoglu.com\/kariyer\/\",\"name\":\"[:tr]Kariyer[:en]Career[:] | \\u00c7apo\\u011flu \\u015eirketler Grubu\",\"isPartOf\":{\"@id\":\"https:\/\/capoglu.com\/en\/#website\"},\"primaryImageOfPage\":{\"@id\":\"https:\/\/capoglu.com\/kariyer\/#primaryimage\"},\"datePublished\":\"2020-09-14T19:08:35+00:00\",\"dateModified\":\"2020-10-06T19:57:56+00:00\",\"inLanguage\":\"en-US\",\"potentialAction\":[{\"@type\":\"ReadAction\",\"target\":[\"https:\/\/capoglu.com\/kariyer\/\"]}]}]}<\/script>\n<!-- \/ Yoast SEO plugin. -->","_links":{"self":[{"href":"https:\/\/capoglu.com\/en\/wp-json\/wp\/v2\/pages\/31"}],"collection":[{"href":"https:\/\/capoglu.com\/en\/wp-json\/wp\/v2\/pages"}],"about":[{"href":"https:\/\/capoglu.com\/en\/wp-json\/wp\/v2\/types\/page"}],"author":[{"embeddable":true,"href":"https:\/\/capoglu.com\/en\/wp-json\/wp\/v2\/users\/2"}],"replies":[{"embeddable":true,"href":"https:\/\/capoglu.com\/en\/wp-json\/wp\/v2\/comments?post=31"}],"version-history":[{"count":17,"href":"https:\/\/capoglu.com\/en\/wp-json\/wp\/v2\/pages\/31\/revisions"}],"predecessor-version":[{"id":662,"href":"https:\/\/capoglu.com\/en\/wp-json\/wp\/v2\/pages\/31\/revisions\/662"}],"wp:featuredmedia":[{"embeddable":true,"href":"https:\/\/capoglu.com\/en\/wp-json\/wp\/v2\/media\/448"}],"wp:attachment":[{"href":"https:\/\/capoglu.com\/en\/wp-json\/wp\/v2\/media?parent=31"}],"curies":[{"name":"wp","href":"https:\/\/api.w.org\/{rel}","templated":true}]}}