{"id":96,"date":"2020-09-15T22:03:16","date_gmt":"2020-09-15T19:03:16","guid":{"rendered":"https:\/\/capoglu.com\/?page_id=96"},"modified":"2020-10-06T23:54:10","modified_gmt":"2020-10-06T20:54:10","slug":"kisisel-verilerin-korunmasi","status":"publish","type":"page","link":"https:\/\/capoglu.com\/en\/kisisel-verilerin-korunmasi\/","title":{"rendered":"Personal Data Protection Policy"},"content":{"rendered":"","protected":false},"excerpt":{"rendered":"","protected":false},"author":2,"featured_media":0,"parent":0,"menu_order":0,"comment_status":"closed","ping_status":"closed","template":"","meta":[],"yoast_head":"<!-- This site is optimized with the Yoast SEO plugin v15.0 - https:\/\/yoast.com\/wordpress\/plugins\/seo\/ -->\n<title>Personal Data Protection Policy | \u00c7apo\u011flu \u015eirketler Grubu<\/title>\n<meta name=\"robots\" content=\"index, follow, max-snippet:-1, max-image-preview:large, max-video-preview:-1\" \/>\n<link rel=\"canonical\" href=\"https:\/\/capoglu.com\/kisisel-verilerin-korunmasi\/\" \/>\n<meta property=\"og:locale\" content=\"en_US\" \/>\n<meta property=\"og:type\" content=\"article\" \/>\n<meta property=\"og:title\" content=\"[:tr]Ki\u015fisel Verilerin Korunmas\u0131[:en]Personal Data Protection Policy[:] | \u00c7apo\u011flu \u015eirketler Grubu\" \/>\n<meta property=\"og:url\" content=\"https:\/\/capoglu.com\/kisisel-verilerin-korunmasi\/\" \/>\n<meta property=\"og:site_name\" content=\"\u00c7apo\u011flu \u015eirketler Grubu\" \/>\n<meta property=\"article:modified_time\" content=\"2020-10-06T20:54:10+00:00\" \/>\n<meta name=\"twitter:card\" content=\"summary_large_image\" \/>\n<script type=\"application\/ld+json\" class=\"yoast-schema-graph\">{\"@context\":\"https:\/\/schema.org\",\"@graph\":[{\"@type\":\"Organization\",\"@id\":\"https:\/\/capoglu.com\/en\/#organization\",\"name\":\"\\u00c7apo\\u011flu \\u015eirketler Grubu\",\"url\":\"https:\/\/capoglu.com\/en\/\",\"sameAs\":[],\"logo\":{\"@type\":\"ImageObject\",\"@id\":\"https:\/\/capoglu.com\/en\/#logo\",\"inLanguage\":\"en-US\",\"url\":\"https:\/\/capoglu.com\/wp-content\/uploads\/2020\/09\/cap-logo.png\",\"width\":88,\"height\":66,\"caption\":\"\\u00c7apo\\u011flu \\u015eirketler Grubu\"},\"image\":{\"@id\":\"https:\/\/capoglu.com\/en\/#logo\"}},{\"@type\":\"WebSite\",\"@id\":\"https:\/\/capoglu.com\/en\/#website\",\"url\":\"https:\/\/capoglu.com\/en\/\",\"name\":\"\\u00c7apo\\u011flu \\u015eirketler Grubu\",\"description\":\"45 years of experience, 4 area, 3 companies\",\"publisher\":{\"@id\":\"https:\/\/capoglu.com\/en\/#organization\"},\"potentialAction\":[{\"@type\":\"SearchAction\",\"target\":\"https:\/\/capoglu.com\/en\/?s={search_term_string}\",\"query-input\":\"required name=search_term_string\"}],\"inLanguage\":\"en-US\"},{\"@type\":\"WebPage\",\"@id\":\"https:\/\/capoglu.com\/kisisel-verilerin-korunmasi\/#webpage\",\"url\":\"https:\/\/capoglu.com\/kisisel-verilerin-korunmasi\/\",\"name\":\"[:tr]Ki\\u015fisel Verilerin Korunmas\\u0131[:en]Personal Data Protection Policy[:] | \\u00c7apo\\u011flu \\u015eirketler Grubu\",\"isPartOf\":{\"@id\":\"https:\/\/capoglu.com\/en\/#website\"},\"datePublished\":\"2020-09-15T19:03:16+00:00\",\"dateModified\":\"2020-10-06T20:54:10+00:00\",\"inLanguage\":\"en-US\",\"potentialAction\":[{\"@type\":\"ReadAction\",\"target\":[\"https:\/\/capoglu.com\/kisisel-verilerin-korunmasi\/\"]}]}]}<\/script>\n<!-- \/ Yoast SEO plugin. -->","_links":{"self":[{"href":"https:\/\/capoglu.com\/en\/wp-json\/wp\/v2\/pages\/96"}],"collection":[{"href":"https:\/\/capoglu.com\/en\/wp-json\/wp\/v2\/pages"}],"about":[{"href":"https:\/\/capoglu.com\/en\/wp-json\/wp\/v2\/types\/page"}],"author":[{"embeddable":true,"href":"https:\/\/capoglu.com\/en\/wp-json\/wp\/v2\/users\/2"}],"replies":[{"embeddable":true,"href":"https:\/\/capoglu.com\/en\/wp-json\/wp\/v2\/comments?post=96"}],"version-history":[{"count":3,"href":"https:\/\/capoglu.com\/en\/wp-json\/wp\/v2\/pages\/96\/revisions"}],"predecessor-version":[{"id":691,"href":"https:\/\/capoglu.com\/en\/wp-json\/wp\/v2\/pages\/96\/revisions\/691"}],"wp:attachment":[{"href":"https:\/\/capoglu.com\/en\/wp-json\/wp\/v2\/media?parent=96"}],"curies":[{"name":"wp","href":"https:\/\/api.w.org\/{rel}","templated":true}]}}