{"id":13,"date":"2020-09-14T22:02:29","date_gmt":"2020-09-14T19:02:29","guid":{"rendered":"https:\/\/capoglu.com\/?page_id=13"},"modified":"2020-10-09T10:49:39","modified_gmt":"2020-10-09T07:49:39","slug":"hakkimizda","status":"publish","type":"page","link":"https:\/\/capoglu.com\/tr\/kurumsal\/hakkimizda\/","title":{"rendered":"Hakk\u0131m\u0131zda"},"content":{"rendered":"<p>Cesaretle girdi\u011fimiz her sekt\u00f6rde \u00fcretim ve hizmetlerimizle fark yaratt\u0131k! Kurumsal k\u00fclt\u00fcr\u00fcm\u00fcz, heyecan\u0131m\u0131z, ilkelerimiz ve stratejik planlamalar\u0131m\u0131zla g\u00fc\u00e7l\u00fc bir vizyona sahibiz.<\/p>","protected":false},"excerpt":{"rendered":"<p>Cesaretle girdi\u011fimiz her sekt\u00f6rde \u00fcretim ve hizmetlerimizle fark yaratt\u0131k! Kurumsal k\u00fclt\u00fcr\u00fcm\u00fcz, heyecan\u0131m\u0131z, ilkelerimiz ve stratejik planlamalar\u0131m\u0131zla g\u00fc\u00e7l\u00fc bir vizyona sahibiz.<\/p>\n","protected":false},"author":2,"featured_media":595,"parent":9,"menu_order":2,"comment_status":"closed","ping_status":"closed","template":"page-about.php","meta":[],"yoast_head":"<!-- This site is optimized with the Yoast SEO plugin v15.0 - https:\/\/yoast.com\/wordpress\/plugins\/seo\/ -->\n<title>Hakk\u0131m\u0131zda | \u00c7apo\u011flu \u015eirketler Grubu<\/title>\n<meta name=\"robots\" content=\"index, follow, max-snippet:-1, max-image-preview:large, max-video-preview:-1\" \/>\n<link rel=\"canonical\" href=\"https:\/\/capoglu.com\/kurumsal\/hakkimizda\/\" \/>\n<meta property=\"og:locale\" content=\"tr_TR\" \/>\n<meta property=\"og:type\" content=\"article\" \/>\n<meta property=\"og:title\" content=\"[:tr]Hakk\u0131m\u0131zda[:en]About Us[:] | \u00c7apo\u011flu \u015eirketler Grubu\" \/>\n<meta property=\"og:description\" content=\"Cesaretle girdi\u011fimiz her sekt\u00f6rde \u00fcretim ve hizmetlerimizle fark yaratt\u0131k! Kurumsal k\u00fclt\u00fcr\u00fcm\u00fcz, heyecan\u0131m\u0131z, ilkelerimiz ve stratejik planlamalar\u0131m\u0131zla g\u00fc\u00e7l\u00fc bir vizyona sahibiz.\" \/>\n<meta property=\"og:url\" content=\"https:\/\/capoglu.com\/kurumsal\/hakkimizda\/\" \/>\n<meta property=\"og:site_name\" content=\"\u00c7apo\u011flu \u015eirketler Grubu\" \/>\n<meta property=\"article:modified_time\" content=\"2020-10-09T07:49:39+00:00\" \/>\n<meta property=\"og:image\" content=\"https:\/\/capoglu.com\/wp-content\/uploads\/2020\/09\/hakkimizda.jpg\" \/>\n\t<meta property=\"og:image:width\" content=\"593\" \/>\n\t<meta property=\"og:image:height\" content=\"702\" \/>\n<meta name=\"twitter:card\" content=\"summary_large_image\" \/>\n<script type=\"application\/ld+json\" class=\"yoast-schema-graph\">{\"@context\":\"https:\/\/schema.org\",\"@graph\":[{\"@type\":\"Organization\",\"@id\":\"https:\/\/capoglu.com\/tr\/#organization\",\"name\":\"\\u00c7apo\\u011flu \\u015eirketler Grubu\",\"url\":\"https:\/\/capoglu.com\/tr\/\",\"sameAs\":[],\"logo\":{\"@type\":\"ImageObject\",\"@id\":\"https:\/\/capoglu.com\/tr\/#logo\",\"inLanguage\":\"tr\",\"url\":\"https:\/\/capoglu.com\/wp-content\/uploads\/2020\/09\/cap-logo.png\",\"width\":88,\"height\":66,\"caption\":\"\\u00c7apo\\u011flu \\u015eirketler Grubu\"},\"image\":{\"@id\":\"https:\/\/capoglu.com\/tr\/#logo\"}},{\"@type\":\"WebSite\",\"@id\":\"https:\/\/capoglu.com\/tr\/#website\",\"url\":\"https:\/\/capoglu.com\/tr\/\",\"name\":\"\\u00c7apo\\u011flu \\u015eirketler Grubu\",\"description\":\"45 y\\u0131ll\\u0131k tecr\\u00fcbe, 4 sekt\\u00f6r, 3 \\u015firket\",\"publisher\":{\"@id\":\"https:\/\/capoglu.com\/tr\/#organization\"},\"potentialAction\":[{\"@type\":\"SearchAction\",\"target\":\"https:\/\/capoglu.com\/tr\/?s={search_term_string}\",\"query-input\":\"required name=search_term_string\"}],\"inLanguage\":\"tr\"},{\"@type\":\"ImageObject\",\"@id\":\"https:\/\/capoglu.com\/kurumsal\/hakkimizda\/#primaryimage\",\"inLanguage\":\"tr\",\"url\":\"https:\/\/capoglu.com\/wp-content\/uploads\/2020\/09\/hakkimizda.jpg\",\"width\":593,\"height\":702},{\"@type\":\"WebPage\",\"@id\":\"https:\/\/capoglu.com\/kurumsal\/hakkimizda\/#webpage\",\"url\":\"https:\/\/capoglu.com\/kurumsal\/hakkimizda\/\",\"name\":\"[:tr]Hakk\\u0131m\\u0131zda[:en]About Us[:] | \\u00c7apo\\u011flu \\u015eirketler Grubu\",\"isPartOf\":{\"@id\":\"https:\/\/capoglu.com\/tr\/#website\"},\"primaryImageOfPage\":{\"@id\":\"https:\/\/capoglu.com\/kurumsal\/hakkimizda\/#primaryimage\"},\"datePublished\":\"2020-09-14T19:02:29+00:00\",\"dateModified\":\"2020-10-09T07:49:39+00:00\",\"inLanguage\":\"tr\",\"potentialAction\":[{\"@type\":\"ReadAction\",\"target\":[\"https:\/\/capoglu.com\/kurumsal\/hakkimizda\/\"]}]}]}<\/script>\n<!-- \/ Yoast SEO plugin. -->","_links":{"self":[{"href":"https:\/\/capoglu.com\/tr\/wp-json\/wp\/v2\/pages\/13"}],"collection":[{"href":"https:\/\/capoglu.com\/tr\/wp-json\/wp\/v2\/pages"}],"about":[{"href":"https:\/\/capoglu.com\/tr\/wp-json\/wp\/v2\/types\/page"}],"author":[{"embeddable":true,"href":"https:\/\/capoglu.com\/tr\/wp-json\/wp\/v2\/users\/2"}],"replies":[{"embeddable":true,"href":"https:\/\/capoglu.com\/tr\/wp-json\/wp\/v2\/comments?post=13"}],"version-history":[{"count":33,"href":"https:\/\/capoglu.com\/tr\/wp-json\/wp\/v2\/pages\/13\/revisions"}],"predecessor-version":[{"id":699,"href":"https:\/\/capoglu.com\/tr\/wp-json\/wp\/v2\/pages\/13\/revisions\/699"}],"up":[{"embeddable":true,"href":"https:\/\/capoglu.com\/tr\/wp-json\/wp\/v2\/pages\/9"}],"wp:featuredmedia":[{"embeddable":true,"href":"https:\/\/capoglu.com\/tr\/wp-json\/wp\/v2\/media\/595"}],"wp:attachment":[{"href":"https:\/\/capoglu.com\/tr\/wp-json\/wp\/v2\/media?parent=13"}],"curies":[{"name":"wp","href":"https:\/\/api.w.org\/{rel}","templated":true}]}}