{"id":25,"date":"2020-09-14T22:06:27","date_gmt":"2020-09-14T19:06:27","guid":{"rendered":"https:\/\/capoglu.com\/?page_id=25"},"modified":"2020-10-06T23:45:18","modified_gmt":"2020-10-06T20:45:18","slug":"dayanikli-tuketim","status":"publish","type":"page","link":"https:\/\/capoglu.com\/tr\/sektorler\/dayanikli-tuketim\/","title":{"rendered":"Dayan\u0131kl\u0131 T\u00fcketim"},"content":{"rendered":"<p>\u00c7apo\u011flu \u015eirketler Grubu, dayan\u0131kl\u0131 t\u00fcketim sekt\u00f6r\u00fc yetkili servis hizmetlerinde yeniliklere ve de\u011fi\u015fen teknolojiye h\u0131zl\u0131ca adapte olan, dijitalle\u015fen hanelerin\u00a0ve \u015firketlerin g\u00fcvenilir \u00e7\u00f6z\u00fcm orta\u011f\u0131 olmaya devam ediyor.<\/p>","protected":false},"excerpt":{"rendered":"<p>\u00c7apo\u011flu \u015eirketler Grubu, dayan\u0131kl\u0131 t\u00fcketim sekt\u00f6r\u00fc yetkili servis hizmetlerinde yeniliklere ve de\u011fi\u015fen teknolojiye h\u0131zl\u0131ca adapte olan, dijitalle\u015fen hanelerin\u00a0ve \u015firketlerin g\u00fcvenilir \u00e7\u00f6z\u00fcm orta\u011f\u0131 olmaya devam ediyor.<\/p>\n","protected":false},"author":2,"featured_media":528,"parent":21,"menu_order":2,"comment_status":"closed","ping_status":"closed","template":"page-sector-tuketim.php","meta":[],"yoast_head":"<!-- This site is optimized with the Yoast SEO plugin v15.0 - https:\/\/yoast.com\/wordpress\/plugins\/seo\/ -->\n<title>Dayan\u0131kl\u0131 T\u00fcketim | \u00c7apo\u011flu \u015eirketler Grubu<\/title>\n<meta name=\"robots\" content=\"index, follow, max-snippet:-1, max-image-preview:large, max-video-preview:-1\" \/>\n<link rel=\"canonical\" href=\"https:\/\/capoglu.com\/sektorler\/dayanikli-tuketim\/\" \/>\n<meta property=\"og:locale\" content=\"tr_TR\" \/>\n<meta property=\"og:type\" content=\"article\" \/>\n<meta property=\"og:title\" content=\"[:tr]Dayan\u0131kl\u0131 T\u00fcketim[:en]Durable Goods[:] | \u00c7apo\u011flu \u015eirketler Grubu\" \/>\n<meta property=\"og:description\" content=\"\u00c7apo\u011flu \u015eirketler Grubu, dayan\u0131kl\u0131 t\u00fcketim sekt\u00f6r\u00fc yetkili servis hizmetlerinde yeniliklere ve de\u011fi\u015fen teknolojiye h\u0131zl\u0131ca adapte olan, dijitalle\u015fen hanelerin\u00a0ve \u015firketlerin g\u00fcvenilir \u00e7\u00f6z\u00fcm orta\u011f\u0131 olmaya devam ediyor.\" \/>\n<meta property=\"og:url\" content=\"https:\/\/capoglu.com\/sektorler\/dayanikli-tuketim\/\" \/>\n<meta property=\"og:site_name\" content=\"\u00c7apo\u011flu \u015eirketler Grubu\" \/>\n<meta property=\"article:modified_time\" content=\"2020-10-06T20:45:18+00:00\" \/>\n<meta property=\"og:image\" content=\"https:\/\/capoglu.com\/wp-content\/uploads\/2020\/09\/anasayfa_dayanikli_tuketim.jpg\" \/>\n\t<meta property=\"og:image:width\" content=\"326\" \/>\n\t<meta property=\"og:image:height\" content=\"600\" \/>\n<meta name=\"twitter:card\" content=\"summary_large_image\" \/>\n<script type=\"application\/ld+json\" class=\"yoast-schema-graph\">{\"@context\":\"https:\/\/schema.org\",\"@graph\":[{\"@type\":\"Organization\",\"@id\":\"https:\/\/capoglu.com\/tr\/#organization\",\"name\":\"\\u00c7apo\\u011flu \\u015eirketler Grubu\",\"url\":\"https:\/\/capoglu.com\/tr\/\",\"sameAs\":[],\"logo\":{\"@type\":\"ImageObject\",\"@id\":\"https:\/\/capoglu.com\/tr\/#logo\",\"inLanguage\":\"tr\",\"url\":\"https:\/\/capoglu.com\/wp-content\/uploads\/2020\/09\/cap-logo.png\",\"width\":88,\"height\":66,\"caption\":\"\\u00c7apo\\u011flu \\u015eirketler Grubu\"},\"image\":{\"@id\":\"https:\/\/capoglu.com\/tr\/#logo\"}},{\"@type\":\"WebSite\",\"@id\":\"https:\/\/capoglu.com\/tr\/#website\",\"url\":\"https:\/\/capoglu.com\/tr\/\",\"name\":\"\\u00c7apo\\u011flu \\u015eirketler Grubu\",\"description\":\"45 y\\u0131ll\\u0131k tecr\\u00fcbe, 4 sekt\\u00f6r, 3 \\u015firket\",\"publisher\":{\"@id\":\"https:\/\/capoglu.com\/tr\/#organization\"},\"potentialAction\":[{\"@type\":\"SearchAction\",\"target\":\"https:\/\/capoglu.com\/tr\/?s={search_term_string}\",\"query-input\":\"required name=search_term_string\"}],\"inLanguage\":\"tr\"},{\"@type\":\"ImageObject\",\"@id\":\"https:\/\/capoglu.com\/sektorler\/dayanikli-tuketim\/#primaryimage\",\"inLanguage\":\"tr\",\"url\":\"https:\/\/capoglu.com\/wp-content\/uploads\/2020\/09\/anasayfa_dayanikli_tuketim.jpg\",\"width\":326,\"height\":600},{\"@type\":\"WebPage\",\"@id\":\"https:\/\/capoglu.com\/sektorler\/dayanikli-tuketim\/#webpage\",\"url\":\"https:\/\/capoglu.com\/sektorler\/dayanikli-tuketim\/\",\"name\":\"[:tr]Dayan\\u0131kl\\u0131 T\\u00fcketim[:en]Durable Goods[:] | \\u00c7apo\\u011flu \\u015eirketler Grubu\",\"isPartOf\":{\"@id\":\"https:\/\/capoglu.com\/tr\/#website\"},\"primaryImageOfPage\":{\"@id\":\"https:\/\/capoglu.com\/sektorler\/dayanikli-tuketim\/#primaryimage\"},\"datePublished\":\"2020-09-14T19:06:27+00:00\",\"dateModified\":\"2020-10-06T20:45:18+00:00\",\"inLanguage\":\"tr\",\"potentialAction\":[{\"@type\":\"ReadAction\",\"target\":[\"https:\/\/capoglu.com\/sektorler\/dayanikli-tuketim\/\"]}]}]}<\/script>\n<!-- \/ Yoast SEO plugin. -->","_links":{"self":[{"href":"https:\/\/capoglu.com\/tr\/wp-json\/wp\/v2\/pages\/25"}],"collection":[{"href":"https:\/\/capoglu.com\/tr\/wp-json\/wp\/v2\/pages"}],"about":[{"href":"https:\/\/capoglu.com\/tr\/wp-json\/wp\/v2\/types\/page"}],"author":[{"embeddable":true,"href":"https:\/\/capoglu.com\/tr\/wp-json\/wp\/v2\/users\/2"}],"replies":[{"embeddable":true,"href":"https:\/\/capoglu.com\/tr\/wp-json\/wp\/v2\/comments?post=25"}],"version-history":[{"count":21,"href":"https:\/\/capoglu.com\/tr\/wp-json\/wp\/v2\/pages\/25\/revisions"}],"predecessor-version":[{"id":681,"href":"https:\/\/capoglu.com\/tr\/wp-json\/wp\/v2\/pages\/25\/revisions\/681"}],"up":[{"embeddable":true,"href":"https:\/\/capoglu.com\/tr\/wp-json\/wp\/v2\/pages\/21"}],"wp:featuredmedia":[{"embeddable":true,"href":"https:\/\/capoglu.com\/tr\/wp-json\/wp\/v2\/media\/528"}],"wp:attachment":[{"href":"https:\/\/capoglu.com\/tr\/wp-json\/wp\/v2\/media?parent=25"}],"curies":[{"name":"wp","href":"https:\/\/api.w.org\/{rel}","templated":true}]}}