{"id":31,"date":"2020-09-14T22:08:35","date_gmt":"2020-09-14T19:08:35","guid":{"rendered":"https:\/\/capoglu.com\/?page_id=31"},"modified":"2020-10-06T22:57:56","modified_gmt":"2020-10-06T19:57:56","slug":"kariyer","status":"publish","type":"page","link":"https:\/\/capoglu.com\/tr\/kariyer\/","title":{"rendered":"Kariyer"},"content":{"rendered":"<p>\u00c7al\u0131\u015fanlar\u0131m\u0131z\u0131n esnek, \u015feffaf, \u00e7ok y\u00f6nl\u00fc bak\u0131\u015f a\u00e7\u0131s\u0131na sahip, kurumsal k\u00fclt\u00fcr ve eti\u011fini i\u00e7selle\u015ftirmi\u015f, yeniliklere kolay adapte olabilmesi \u00f6nceli\u011fimizdir.<\/p>","protected":false},"excerpt":{"rendered":"<p>\u00c7al\u0131\u015fanlar\u0131m\u0131z\u0131n esnek, \u015feffaf, \u00e7ok y\u00f6nl\u00fc bak\u0131\u015f a\u00e7\u0131s\u0131na sahip, kurumsal k\u00fclt\u00fcr ve eti\u011fini i\u00e7selle\u015ftirmi\u015f, yeniliklere kolay adapte olabilmesi \u00f6nceli\u011fimizdir.<\/p>\n","protected":false},"author":2,"featured_media":448,"parent":0,"menu_order":0,"comment_status":"closed","ping_status":"closed","template":"page-humanresources.php","meta":[],"yoast_head":"<!-- This site is optimized with the Yoast SEO plugin v15.0 - https:\/\/yoast.com\/wordpress\/plugins\/seo\/ -->\n<title>Kariyer | \u00c7apo\u011flu \u015eirketler Grubu<\/title>\n<meta name=\"robots\" content=\"index, follow, max-snippet:-1, max-image-preview:large, max-video-preview:-1\" \/>\n<link rel=\"canonical\" href=\"https:\/\/capoglu.com\/kariyer\/\" \/>\n<meta property=\"og:locale\" content=\"tr_TR\" \/>\n<meta property=\"og:type\" content=\"article\" \/>\n<meta property=\"og:title\" content=\"[:tr]Kariyer[:en]Career[:] | \u00c7apo\u011flu \u015eirketler Grubu\" \/>\n<meta property=\"og:description\" content=\"\u00c7al\u0131\u015fanlar\u0131m\u0131z\u0131n esnek, \u015feffaf, \u00e7ok y\u00f6nl\u00fc bak\u0131\u015f a\u00e7\u0131s\u0131na sahip, kurumsal k\u00fclt\u00fcr ve eti\u011fini i\u00e7selle\u015ftirmi\u015f, yeniliklere kolay adapte olabilmesi \u00f6nceli\u011fimizdir.\" \/>\n<meta property=\"og:url\" content=\"https:\/\/capoglu.com\/kariyer\/\" \/>\n<meta property=\"og:site_name\" content=\"\u00c7apo\u011flu \u015eirketler Grubu\" \/>\n<meta property=\"article:modified_time\" content=\"2020-10-06T19:57:56+00:00\" \/>\n<meta property=\"og:image\" content=\"https:\/\/capoglu.com\/wp-content\/uploads\/2020\/09\/kariyer-intro.jpg\" \/>\n\t<meta property=\"og:image:width\" content=\"912\" \/>\n\t<meta property=\"og:image:height\" content=\"710\" \/>\n<meta name=\"twitter:card\" content=\"summary_large_image\" \/>\n<script type=\"application\/ld+json\" class=\"yoast-schema-graph\">{\"@context\":\"https:\/\/schema.org\",\"@graph\":[{\"@type\":\"Organization\",\"@id\":\"https:\/\/capoglu.com\/tr\/#organization\",\"name\":\"\\u00c7apo\\u011flu \\u015eirketler Grubu\",\"url\":\"https:\/\/capoglu.com\/tr\/\",\"sameAs\":[],\"logo\":{\"@type\":\"ImageObject\",\"@id\":\"https:\/\/capoglu.com\/tr\/#logo\",\"inLanguage\":\"tr\",\"url\":\"https:\/\/capoglu.com\/wp-content\/uploads\/2020\/09\/cap-logo.png\",\"width\":88,\"height\":66,\"caption\":\"\\u00c7apo\\u011flu \\u015eirketler Grubu\"},\"image\":{\"@id\":\"https:\/\/capoglu.com\/tr\/#logo\"}},{\"@type\":\"WebSite\",\"@id\":\"https:\/\/capoglu.com\/tr\/#website\",\"url\":\"https:\/\/capoglu.com\/tr\/\",\"name\":\"\\u00c7apo\\u011flu \\u015eirketler Grubu\",\"description\":\"45 y\\u0131ll\\u0131k tecr\\u00fcbe, 4 sekt\\u00f6r, 3 \\u015firket\",\"publisher\":{\"@id\":\"https:\/\/capoglu.com\/tr\/#organization\"},\"potentialAction\":[{\"@type\":\"SearchAction\",\"target\":\"https:\/\/capoglu.com\/tr\/?s={search_term_string}\",\"query-input\":\"required name=search_term_string\"}],\"inLanguage\":\"tr\"},{\"@type\":\"ImageObject\",\"@id\":\"https:\/\/capoglu.com\/kariyer\/#primaryimage\",\"inLanguage\":\"tr\",\"url\":\"https:\/\/capoglu.com\/wp-content\/uploads\/2020\/09\/kariyer-intro.jpg\",\"width\":912,\"height\":710},{\"@type\":\"WebPage\",\"@id\":\"https:\/\/capoglu.com\/kariyer\/#webpage\",\"url\":\"https:\/\/capoglu.com\/kariyer\/\",\"name\":\"[:tr]Kariyer[:en]Career[:] | \\u00c7apo\\u011flu \\u015eirketler Grubu\",\"isPartOf\":{\"@id\":\"https:\/\/capoglu.com\/tr\/#website\"},\"primaryImageOfPage\":{\"@id\":\"https:\/\/capoglu.com\/kariyer\/#primaryimage\"},\"datePublished\":\"2020-09-14T19:08:35+00:00\",\"dateModified\":\"2020-10-06T19:57:56+00:00\",\"inLanguage\":\"tr\",\"potentialAction\":[{\"@type\":\"ReadAction\",\"target\":[\"https:\/\/capoglu.com\/kariyer\/\"]}]}]}<\/script>\n<!-- \/ Yoast SEO plugin. -->","_links":{"self":[{"href":"https:\/\/capoglu.com\/tr\/wp-json\/wp\/v2\/pages\/31"}],"collection":[{"href":"https:\/\/capoglu.com\/tr\/wp-json\/wp\/v2\/pages"}],"about":[{"href":"https:\/\/capoglu.com\/tr\/wp-json\/wp\/v2\/types\/page"}],"author":[{"embeddable":true,"href":"https:\/\/capoglu.com\/tr\/wp-json\/wp\/v2\/users\/2"}],"replies":[{"embeddable":true,"href":"https:\/\/capoglu.com\/tr\/wp-json\/wp\/v2\/comments?post=31"}],"version-history":[{"count":17,"href":"https:\/\/capoglu.com\/tr\/wp-json\/wp\/v2\/pages\/31\/revisions"}],"predecessor-version":[{"id":662,"href":"https:\/\/capoglu.com\/tr\/wp-json\/wp\/v2\/pages\/31\/revisions\/662"}],"wp:featuredmedia":[{"embeddable":true,"href":"https:\/\/capoglu.com\/tr\/wp-json\/wp\/v2\/media\/448"}],"wp:attachment":[{"href":"https:\/\/capoglu.com\/tr\/wp-json\/wp\/v2\/media?parent=31"}],"curies":[{"name":"wp","href":"https:\/\/api.w.org\/{rel}","templated":true}]}}