{"id":484,"date":"2020-09-29T10:52:17","date_gmt":"2020-09-29T07:52:17","guid":{"rendered":"https:\/\/capoglu.com\/?page_id=484"},"modified":"2025-05-12T22:35:57","modified_gmt":"2025-05-12T19:35:57","slug":"genel-mudur","status":"publish","type":"page","link":"https:\/\/capoglu.com\/tr\/kurumsal\/genel-mudur\/","title":{"rendered":"Genel M\u00fcd\u00fcr"},"content":{"rendered":"","protected":false},"excerpt":{"rendered":"","protected":false},"author":2,"featured_media":759,"parent":9,"menu_order":3,"comment_status":"closed","ping_status":"closed","template":"page-ceo.php","meta":[],"yoast_head":"<!-- This site is optimized with the Yoast SEO plugin v15.0 - https:\/\/yoast.com\/wordpress\/plugins\/seo\/ -->\n<title>Genel M\u00fcd\u00fcr | \u00c7apo\u011flu \u015eirketler Grubu<\/title>\n<meta name=\"robots\" content=\"index, follow, max-snippet:-1, max-image-preview:large, max-video-preview:-1\" \/>\n<link rel=\"canonical\" href=\"https:\/\/capoglu.com\/kurumsal\/genel-mudur\/\" \/>\n<meta property=\"og:locale\" content=\"tr_TR\" \/>\n<meta property=\"og:type\" content=\"article\" \/>\n<meta property=\"og:title\" content=\"[:tr]Genel M\u00fcd\u00fcr[:en]General Manager[:] | \u00c7apo\u011flu \u015eirketler Grubu\" \/>\n<meta property=\"og:url\" content=\"https:\/\/capoglu.com\/kurumsal\/genel-mudur\/\" \/>\n<meta property=\"og:site_name\" content=\"\u00c7apo\u011flu \u015eirketler Grubu\" \/>\n<meta property=\"article:modified_time\" content=\"2025-05-12T19:35:57+00:00\" \/>\n<meta property=\"og:image\" content=\"https:\/\/capoglu.com\/wp-content\/uploads\/2025\/04\/arif_capoglu_ozgecmis.png\" \/>\n\t<meta property=\"og:image:width\" content=\"477\" \/>\n\t<meta property=\"og:image:height\" content=\"669\" \/>\n<meta name=\"twitter:card\" content=\"summary_large_image\" \/>\n<script type=\"application\/ld+json\" class=\"yoast-schema-graph\">{\"@context\":\"https:\/\/schema.org\",\"@graph\":[{\"@type\":\"Organization\",\"@id\":\"https:\/\/capoglu.com\/tr\/#organization\",\"name\":\"\\u00c7apo\\u011flu \\u015eirketler Grubu\",\"url\":\"https:\/\/capoglu.com\/tr\/\",\"sameAs\":[],\"logo\":{\"@type\":\"ImageObject\",\"@id\":\"https:\/\/capoglu.com\/tr\/#logo\",\"inLanguage\":\"tr\",\"url\":\"https:\/\/capoglu.com\/wp-content\/uploads\/2020\/09\/cap-logo.png\",\"width\":88,\"height\":66,\"caption\":\"\\u00c7apo\\u011flu \\u015eirketler Grubu\"},\"image\":{\"@id\":\"https:\/\/capoglu.com\/tr\/#logo\"}},{\"@type\":\"WebSite\",\"@id\":\"https:\/\/capoglu.com\/tr\/#website\",\"url\":\"https:\/\/capoglu.com\/tr\/\",\"name\":\"\\u00c7apo\\u011flu \\u015eirketler Grubu\",\"description\":\"45 y\\u0131ll\\u0131k tecr\\u00fcbe, 4 sekt\\u00f6r, 3 \\u015firket\",\"publisher\":{\"@id\":\"https:\/\/capoglu.com\/tr\/#organization\"},\"potentialAction\":[{\"@type\":\"SearchAction\",\"target\":\"https:\/\/capoglu.com\/tr\/?s={search_term_string}\",\"query-input\":\"required name=search_term_string\"}],\"inLanguage\":\"tr\"},{\"@type\":\"ImageObject\",\"@id\":\"https:\/\/capoglu.com\/kurumsal\/genel-mudur\/#primaryimage\",\"inLanguage\":\"tr\",\"url\":\"https:\/\/capoglu.com\/wp-content\/uploads\/2025\/04\/arif_capoglu_ozgecmis.png\",\"width\":477,\"height\":669},{\"@type\":\"WebPage\",\"@id\":\"https:\/\/capoglu.com\/kurumsal\/genel-mudur\/#webpage\",\"url\":\"https:\/\/capoglu.com\/kurumsal\/genel-mudur\/\",\"name\":\"[:tr]Genel M\\u00fcd\\u00fcr[:en]General Manager[:] | \\u00c7apo\\u011flu \\u015eirketler Grubu\",\"isPartOf\":{\"@id\":\"https:\/\/capoglu.com\/tr\/#website\"},\"primaryImageOfPage\":{\"@id\":\"https:\/\/capoglu.com\/kurumsal\/genel-mudur\/#primaryimage\"},\"datePublished\":\"2020-09-29T07:52:17+00:00\",\"dateModified\":\"2025-05-12T19:35:57+00:00\",\"inLanguage\":\"tr\",\"potentialAction\":[{\"@type\":\"ReadAction\",\"target\":[\"https:\/\/capoglu.com\/kurumsal\/genel-mudur\/\"]}]}]}<\/script>\n<!-- \/ Yoast SEO plugin. -->","_links":{"self":[{"href":"https:\/\/capoglu.com\/tr\/wp-json\/wp\/v2\/pages\/484"}],"collection":[{"href":"https:\/\/capoglu.com\/tr\/wp-json\/wp\/v2\/pages"}],"about":[{"href":"https:\/\/capoglu.com\/tr\/wp-json\/wp\/v2\/types\/page"}],"author":[{"embeddable":true,"href":"https:\/\/capoglu.com\/tr\/wp-json\/wp\/v2\/users\/2"}],"replies":[{"embeddable":true,"href":"https:\/\/capoglu.com\/tr\/wp-json\/wp\/v2\/comments?post=484"}],"version-history":[{"count":15,"href":"https:\/\/capoglu.com\/tr\/wp-json\/wp\/v2\/pages\/484\/revisions"}],"predecessor-version":[{"id":761,"href":"https:\/\/capoglu.com\/tr\/wp-json\/wp\/v2\/pages\/484\/revisions\/761"}],"up":[{"embeddable":true,"href":"https:\/\/capoglu.com\/tr\/wp-json\/wp\/v2\/pages\/9"}],"wp:featuredmedia":[{"embeddable":true,"href":"https:\/\/capoglu.com\/tr\/wp-json\/wp\/v2\/media\/759"}],"wp:attachment":[{"href":"https:\/\/capoglu.com\/tr\/wp-json\/wp\/v2\/media?parent=484"}],"curies":[{"name":"wp","href":"https:\/\/api.w.org\/{rel}","templated":true}]}}