{"id":92,"date":"2020-09-15T22:02:50","date_gmt":"2020-09-15T19:02:50","guid":{"rendered":"https:\/\/capoglu.com\/?page_id=92"},"modified":"2020-10-06T23:53:46","modified_gmt":"2020-10-06T20:53:46","slug":"bilgi-toplumu-hizmetleri","status":"publish","type":"page","link":"https:\/\/capoglu.com\/tr\/bilgi-toplumu-hizmetleri\/","title":{"rendered":"Bilgi Toplumu Hizmetleri"},"content":{"rendered":"<p><\/p>\n<h4 class=\"blankpage-intro\">De\u011ferli Pay Sahiplerimiz, \u0130\u015f Ortaklar\u0131m\u0131z ve \u00c7al\u0131\u015fma Arkada\u015flar\u0131m\u0131z;<\/h4>\n<p>CAP olarak 2019 y\u0131l\u0131nda ba\u015flad\u0131\u011f\u0131m\u0131z yolculu\u011fumuzda m\u00fc\u015fterilerimize bili\u015fim alan\u0131nda d\u00fcnya standartlar\u0131nda \u00e7\u00f6z\u00fcmler sunuyoruz. Ana faaliyet alanlar\u0131m\u0131z\u0131 olu\u015fturan BT e\u011fitimleri, \u00d6zel Yaz\u0131l\u0131m, Web Tasar\u0131m ve Mobil Uygulama geli\u015ftirme hizmetlerinin yan\u0131 s\u0131ra, markalara y\u00f6nelik dijital pazarlama hizmetleri de sunmakta ve sekt\u00f6r profesyonellerinden olu\u015fan ekibimizle BT insan kaynaklar\u0131 s\u00fcre\u00e7lerini y\u00fcr\u00fctmekteyiz. Ekibimiz ile destek faaliyetlerimizi \u00fclkemizde \u00f6rnek te\u015fkil eden Ar-Ge politikam\u0131z ile ileriye ta\u015f\u0131yoruz. ve d\u00fcnya \u00e7ap\u0131nda kabul g\u00f6ren yenilik\u00e7i ileti\u015fim ve bilgisayar teknolojileri ile yenili\u011fe y\u00f6n veriyoruz.<\/p>\n<p>\u00c7e\u015fitli sekt\u00f6rlerde faaliyet g\u00f6steren \u00f6nc\u00fc firmalar\u0131n yeni nesil teknoloji partneri olarak T\u00fcrkiye\u2019nin lider bili\u015fim markas\u0131 olma vizyonuyla hareket ediyor ve tek \u00e7at\u0131 alt\u0131nda sundu\u011fumuz teknoloji \u00e7\u00f6z\u00fcmleri ile T\u00fcrkiye\u2019nin lider bili\u015fim markas\u0131 olma yolunda ilerliyoruz. T\u00fcrkiye. T\u00fcrkiye\u2019nin lider bili\u015fim markas\u0131 olma vizyonuyla hareket ediyor ve tek \u00e7at\u0131 alt\u0131nda sundu\u011fumuz teknoloji \u00e7\u00f6z\u00fcmleri ile T\u00fcrkiye\u2019nin lider bili\u015fim markas\u0131 olma yolunda ilerliyoruz. T\u00fcrkiye. T\u00fcrkiye\u2019nin lider bili\u015fim markas\u0131 olma vizyonuyla hareket ediyor ve tek \u00e7at\u0131 alt\u0131nda sundu\u011fumuz teknoloji \u00e7\u00f6z\u00fcmleri ile T\u00fcrkiye\u2019nin lider bili\u015fim markas\u0131 olma yolunda ilerliyoruz.<\/p>\n<p>T\u00fcrkiye. CAP olarak 2019 y\u0131l\u0131nda ba\u015flad\u0131\u011f\u0131m\u0131z yolculu\u011fumuzda m\u00fc\u015fterilerimize bili\u015fim alan\u0131nda d\u00fcnya standartlar\u0131nda \u00e7\u00f6z\u00fcmler sunuyoruz. Ana faaliyet alanlar\u0131m\u0131z\u0131 olu\u015fturan BT e\u011fitimleri, \u00d6zel Yaz\u0131l\u0131m, Web Tasar\u0131m ve Mobil Uygulama geli\u015ftirme hizmetlerinin yan\u0131 s\u0131ra, markalara y\u00f6nelik dijital pazarlama hizmetleri de sunmakta ve sekt\u00f6r profesyonellerinden olu\u015fan ekibimizle BT insan kaynaklar\u0131 s\u00fcre\u00e7lerini y\u00fcr\u00fctmekteyiz. Ekibimiz ile destek faaliyetlerimizi \u00fclkemizde \u00f6rnek te\u015fkil eden Ar-Ge politikam\u0131z ile ileriye ta\u015f\u0131yoruz. ve d\u00fcnya \u00e7ap\u0131nda kabul g\u00f6ren yenilik\u00e7i ileti\u015fim ve bilgisayar teknolojileri ile yenili\u011fe y\u00f6n veriyoruz. \u00c7e\u015fitli sekt\u00f6rlerde faaliyet g\u00f6steren \u00f6nc\u00fc firmalar\u0131n yeni nesil teknoloji partneri olarak T\u00fcrkiye\u2019nin lider bili\u015fim markas\u0131 olma vizyonuyla hareket ediyor ve tek \u00e7at\u0131 alt\u0131nda sundu\u011fumuz teknoloji \u00e7\u00f6z\u00fcmleri ile T\u00fcrkiye\u2019nin lider bili\u015fim markas\u0131 olma yolunda ilerliyoruz. T\u00fcrkiye. T\u00fcrkiye\u2019nin lider bili\u015fim markas\u0131 olma vizyonuyla hareket ediyor ve tek \u00e7at\u0131 alt\u0131nda sundu\u011fumuz teknoloji \u00e7\u00f6z\u00fcmleri ile T\u00fcrkiye\u2019nin lider bili\u015fim markas\u0131 olma yolunda ilerliyoruz.<\/p>\n<p>T\u00fcrkiye. T\u00fcrkiye\u2019nin lider bili\u015fim markas\u0131 olma vizyonuyla hareket ediyor ve tek \u00e7at\u0131 alt\u0131nda sundu\u011fumuz teknoloji \u00e7\u00f6z\u00fcmleri ile T\u00fcrkiye\u2019nin lider bili\u015fim markas\u0131 olma yolunda ilerliyoruz. T\u00fcrkiye.<\/p>","protected":false},"excerpt":{"rendered":"<p>De\u011ferli Pay Sahiplerimiz, \u0130\u015f Ortaklar\u0131m\u0131z ve \u00c7al\u0131\u015fma Arkada\u015flar\u0131m\u0131z; CAP olarak 2019 y\u0131l\u0131nda ba\u015flad\u0131\u011f\u0131m\u0131z yolculu\u011fumuzda m\u00fc\u015fterilerimize bili\u015fim alan\u0131nda d\u00fcnya standartlar\u0131nda \u00e7\u00f6z\u00fcmler sunuyoruz. Ana faaliyet alanlar\u0131m\u0131z\u0131 olu\u015fturan BT e\u011fitimleri, \u00d6zel Yaz\u0131l\u0131m, Web Tasar\u0131m ve Mobil Uygulama geli\u015ftirme hizmetlerinin yan\u0131 s\u0131ra, markalara y\u00f6nelik dijital pazarlama hizmetleri de sunmakta ve sekt\u00f6r profesyonellerinden olu\u015fan ekibimizle BT insan kaynaklar\u0131 s\u00fcre\u00e7lerini y\u00fcr\u00fctmekteyiz. [&hellip;]<\/p>\n","protected":false},"author":2,"featured_media":0,"parent":0,"menu_order":0,"comment_status":"closed","ping_status":"closed","template":"","meta":[],"yoast_head":"<!-- This site is optimized with the Yoast SEO plugin v15.0 - https:\/\/yoast.com\/wordpress\/plugins\/seo\/ -->\n<title>Bilgi Toplumu Hizmetleri | \u00c7apo\u011flu \u015eirketler Grubu<\/title>\n<meta name=\"robots\" content=\"index, follow, max-snippet:-1, max-image-preview:large, max-video-preview:-1\" \/>\n<link rel=\"canonical\" href=\"https:\/\/capoglu.com\/bilgi-toplumu-hizmetleri\/\" \/>\n<meta property=\"og:locale\" content=\"tr_TR\" \/>\n<meta property=\"og:type\" content=\"article\" \/>\n<meta property=\"og:title\" content=\"[:tr]Bilgi Toplumu Hizmetleri[:en]Information Society Services[:] | \u00c7apo\u011flu \u015eirketler Grubu\" \/>\n<meta property=\"og:description\" content=\"De\u011ferli Pay Sahiplerimiz, \u0130\u015f Ortaklar\u0131m\u0131z ve \u00c7al\u0131\u015fma Arkada\u015flar\u0131m\u0131z; CAP olarak 2019 y\u0131l\u0131nda ba\u015flad\u0131\u011f\u0131m\u0131z yolculu\u011fumuzda m\u00fc\u015fterilerimize bili\u015fim alan\u0131nda d\u00fcnya standartlar\u0131nda \u00e7\u00f6z\u00fcmler sunuyoruz. Ana faaliyet alanlar\u0131m\u0131z\u0131 olu\u015fturan BT e\u011fitimleri, \u00d6zel Yaz\u0131l\u0131m, Web Tasar\u0131m ve Mobil Uygulama geli\u015ftirme hizmetlerinin yan\u0131 s\u0131ra, markalara y\u00f6nelik dijital pazarlama hizmetleri de sunmakta ve sekt\u00f6r profesyonellerinden olu\u015fan ekibimizle BT insan kaynaklar\u0131 s\u00fcre\u00e7lerini y\u00fcr\u00fctmekteyiz. [&hellip;]\" \/>\n<meta property=\"og:url\" content=\"https:\/\/capoglu.com\/bilgi-toplumu-hizmetleri\/\" \/>\n<meta property=\"og:site_name\" content=\"\u00c7apo\u011flu \u015eirketler Grubu\" \/>\n<meta property=\"article:modified_time\" content=\"2020-10-06T20:53:46+00:00\" \/>\n<meta name=\"twitter:card\" content=\"summary_large_image\" \/>\n<script type=\"application\/ld+json\" class=\"yoast-schema-graph\">{\"@context\":\"https:\/\/schema.org\",\"@graph\":[{\"@type\":\"Organization\",\"@id\":\"https:\/\/capoglu.com\/tr\/#organization\",\"name\":\"\\u00c7apo\\u011flu \\u015eirketler Grubu\",\"url\":\"https:\/\/capoglu.com\/tr\/\",\"sameAs\":[],\"logo\":{\"@type\":\"ImageObject\",\"@id\":\"https:\/\/capoglu.com\/tr\/#logo\",\"inLanguage\":\"tr\",\"url\":\"https:\/\/capoglu.com\/wp-content\/uploads\/2020\/09\/cap-logo.png\",\"width\":88,\"height\":66,\"caption\":\"\\u00c7apo\\u011flu \\u015eirketler Grubu\"},\"image\":{\"@id\":\"https:\/\/capoglu.com\/tr\/#logo\"}},{\"@type\":\"WebSite\",\"@id\":\"https:\/\/capoglu.com\/tr\/#website\",\"url\":\"https:\/\/capoglu.com\/tr\/\",\"name\":\"\\u00c7apo\\u011flu \\u015eirketler Grubu\",\"description\":\"45 y\\u0131ll\\u0131k tecr\\u00fcbe, 4 sekt\\u00f6r, 3 \\u015firket\",\"publisher\":{\"@id\":\"https:\/\/capoglu.com\/tr\/#organization\"},\"potentialAction\":[{\"@type\":\"SearchAction\",\"target\":\"https:\/\/capoglu.com\/tr\/?s={search_term_string}\",\"query-input\":\"required name=search_term_string\"}],\"inLanguage\":\"tr\"},{\"@type\":\"WebPage\",\"@id\":\"https:\/\/capoglu.com\/bilgi-toplumu-hizmetleri\/#webpage\",\"url\":\"https:\/\/capoglu.com\/bilgi-toplumu-hizmetleri\/\",\"name\":\"[:tr]Bilgi Toplumu Hizmetleri[:en]Information Society Services[:] | \\u00c7apo\\u011flu \\u015eirketler Grubu\",\"isPartOf\":{\"@id\":\"https:\/\/capoglu.com\/tr\/#website\"},\"datePublished\":\"2020-09-15T19:02:50+00:00\",\"dateModified\":\"2020-10-06T20:53:46+00:00\",\"inLanguage\":\"tr\",\"potentialAction\":[{\"@type\":\"ReadAction\",\"target\":[\"https:\/\/capoglu.com\/bilgi-toplumu-hizmetleri\/\"]}]}]}<\/script>\n<!-- \/ Yoast SEO plugin. -->","_links":{"self":[{"href":"https:\/\/capoglu.com\/tr\/wp-json\/wp\/v2\/pages\/92"}],"collection":[{"href":"https:\/\/capoglu.com\/tr\/wp-json\/wp\/v2\/pages"}],"about":[{"href":"https:\/\/capoglu.com\/tr\/wp-json\/wp\/v2\/types\/page"}],"author":[{"embeddable":true,"href":"https:\/\/capoglu.com\/tr\/wp-json\/wp\/v2\/users\/2"}],"replies":[{"embeddable":true,"href":"https:\/\/capoglu.com\/tr\/wp-json\/wp\/v2\/comments?post=92"}],"version-history":[{"count":4,"href":"https:\/\/capoglu.com\/tr\/wp-json\/wp\/v2\/pages\/92\/revisions"}],"predecessor-version":[{"id":690,"href":"https:\/\/capoglu.com\/tr\/wp-json\/wp\/v2\/pages\/92\/revisions\/690"}],"wp:attachment":[{"href":"https:\/\/capoglu.com\/tr\/wp-json\/wp\/v2\/media?parent=92"}],"curies":[{"name":"wp","href":"https:\/\/api.w.org\/{rel}","templated":true}]}}